{"id":1024,"date":"2024-07-04T17:58:55","date_gmt":"2024-07-04T15:58:55","guid":{"rendered":"https:\/\/annabushumova.com\/?page_id=1024"},"modified":"2024-09-08T13:16:52","modified_gmt":"2024-09-08T11:16:52","slug":"biografie","status":"publish","type":"page","link":"https:\/\/annabushumova.com\/en\/kuenstler-innen\/german-zavyalov\/biografie\/","title":{"rendered":"Biografie"},"content":{"rendered":"<p>[et_pb_section fb_built=&#8220;1&#8243; specialty=&#8220;on&#8220; _builder_version=&#8220;4.26.0&#8243; _module_preset=&#8220;default&#8220; global_colors_info=&#8220;{}&#8220;][et_pb_column type=&#8220;3_4&#8243; specialty_columns=&#8220;3&#8243; _builder_version=&#8220;4.16&#8243; custom_padding=&#8220;|||&#8220; global_colors_info=&#8220;{}&#8220; custom_padding__hover=&#8220;|||&#8220;][et_pb_row_inner _builder_version=&#8220;4.26.0&#8243; _module_preset=&#8220;default&#8220; global_colors_info=&#8220;{}&#8220;][et_pb_column_inner saved_specialty_column_type=&#8220;3_4&#8243; _builder_version=&#8220;4.26.0&#8243; _module_preset=&#8220;default&#8220; global_colors_info=&#8220;{}&#8220;][et_pb_heading title=&#8220;Biografie&#8220; _builder_version=&#8220;4.26.0&#8243; _module_preset=&#8220;default&#8220; global_colors_info=&#8220;{}&#8220;][\/et_pb_heading][et_pb_text _builder_version=&#8220;4.26.0&#8243; _module_preset=&#8220;default&#8220; global_colors_info=&#8220;{}&#8220;]German Zavyalov wurde am 8. Oktober 1937 im Dorf Syrjanka, Kreis Tjumen, Gebiet Omsk, geboren. Seine Eltern Nikolai Alexejewitsch Sawjalow und Anna Fjodorowna Sawjalow waren Lehrer und Lehrerin.<\/p>\n<p>1944 trat er in die erste Klasse einer Dorfschule in der Siedlung Tscherny Mys in der N\u00e4he von Surgut (Autonomer Bezirk Chanty-Mansijsk, Region Tjumen) ein.<\/p>\n<p>1954 Abschluss des Gymnasiums in Aldan (heute eine Stadt in der Republik Sacha Jakutien, Zentrum des Goldbergbaus).<\/p>\n<p>1955-1960 Studium an der Kunstschule A. Savitsky in Pensa.<\/p>\n<p>1960-1966 Studium am Staatlichen Surikow-Kunstinstitut Moskau.<\/p>\n<p>1961 Heirat mit E. M. Efanova in Wolgograd.<\/p>\n<p>1962 August-September. Zavyalov organisiert seine erste k\u00fcnstlerische Reise auf dem Fluss Jenissej von Jenisseisk \u00fcber Worogowo nach Dudinka, begleitet von Freunden, Kollegen und seiner Frau E. M. Zavyalova.<\/p>\n<p>19. April 1966 Der Sohn Maxim wird geboren.<\/p>\n<p>1968 Auf Beschluss des K\u00fcnstlerverbandes der RSFSR wurde er als Kandidat in den K\u00fcnstlerverband der UdSSR aufgenommen.<\/p>\n<p>1970 Aufnahme in die gesamtrussische K\u00fcnstlerorganisation &#8222;Union der K\u00fcnstler Russlands&#8220;.<\/p>\n<p>Auszeichnung f\u00fcr die Teilnahme an der 4. republikanischen Ausstellung &#8222;Sowjetrussland&#8220; mit der Medaille &#8222;F\u00fcr tapfere Arbeit&#8220; anl\u00e4sslich des 100-j\u00e4hrigen Jubil\u00e4ums von Lenin.<\/p>\n<p>1975 Erste Einzelausstellung im Ausstellungsraum der Union der K\u00fcnstler der Russischen F\u00f6deration in Moskau.<\/p>\n<p>1976 Einzelausstellung in der Zentralen Ausstellungshalle in Belgrad.<\/p>\n<p>Er erh\u00e4lt ein Bef\u00e4higungszeugnis als Kapit\u00e4nsmechaniker f\u00fcr Fluss- und Seeschiffe mit Motoren bis 100 PS auf dem Gebiet Nowosibirsk &#8211; Salechard und auf Nebenfl\u00fcssen.<\/p>\n<p>1977 Einzelausstellung in den S\u00e4len des Tomsker Regionalen Kunstmuseums. Die Ausstellung umfasst 75 Gem\u00e4lde aus den Jahren 1966-1977.<\/p>\n<p>Pers\u00f6nliche Ausstellung in den S\u00e4len der Kunstgalerie in Podgornoe, Gebiet Tomsk.<\/p>\n<p>Auszeichnung mit der Gedenkmedaille f\u00fcr die Teilnahme an der republikanischen Ausstellung &#8222;60. Jahrestag des Oktobers&#8220;.<\/p>\n<p>1987 Einzelausstellung in den S\u00e4len des Tomsker Regionalen Kunstmuseums. Die Ausstellung umfasst 133 malerische Werke aus den Jahren 1966-1987.<\/p>\n<p>1991 Einzelausstellung im Haus der Wissenschaftler in Tomsk.<\/p>\n<p>1995 Einzelausstellung in der Galerie &#8222;Colorit&#8220; in Novokuznetsk, Gebiet Kemerovo.<\/p>\n<p>1997 Pers\u00f6nliche Ausstellung in den S\u00e4len des Regionalen Kunstmuseums Tomsk.<\/p>\n<p>2000 Die neue Bezirksgalerie Parabel wird aus Anlass des 400-j\u00e4hrigen Bestehens des Dorfes Parabel mit einer Einzelausstellung des K\u00fcnstlers er\u00f6ffnet. Bis 2011 folgen j\u00e4hrlich Einzelausstellungen.<\/p>\n<p>2001 Einzelausstellung im Museum f\u00fcr Holzarchitektur in Tomsk.<\/p>\n<p>2005 Einzelausstellung im Zentralhause der K\u00fcnstler in Moskau.<\/p>\n<p>Retrospektive Einzelausstellung in den S\u00e4len der Sovkom-Galerie in Moskau. Der Katalog umfasst 83 Gem\u00e4lde aus den Sammlungen der Museen, der Galerie &#8222;Sovkom&#8220; sowie des Ateliers des K\u00fcnstlers in Moskau.<\/p>\n<p>Teilnahme an der Ausstellung &#8222;Russische Kunst des XX. Jahrhunderts&#8220; in der Galerie Leonid Schischkin in Moskau.<\/p>\n<p>Einzelausstellung im Ausstellungsraum des Tomsker K\u00fcnstlerverbandes.<\/p>\n<p>2007 Retrospektive Einzelausstellung im Zentralhaus der K\u00fcnstler in Moskau anl\u00e4sslich des 70. Geburtstages des K\u00fcnstlers. Es wurde ein Katalog in russischer und englischer Sprache mit \u00fcber 150 Gem\u00e4lden ver\u00f6ffentlicht.<\/p>\n<p>Am 10. Dezember wurde ihm per Dekret des Pr\u00e4sidenten der Russischen F\u00f6deration der Ehrentitel &#8222;Verdienter K\u00fcnstler der Russischen F\u00f6deration&#8220; verliehen.<\/p>\n<p>2011 Teilnahme an der Internationalen Kunstausstellung &#8222;Mensch und Stadt&#8220; in Irkutsk.<\/p>\n<p>2012 Katalog in der Reihe &#8222;K\u00fcnstler Russlands im Narym-Gebiet&#8220; mit Werken des K\u00fcnstler.<\/p>\n<p>Einzelausstellungen im Nowosibirsker Staatlichen Kunstmuseums, im Tomsker Regionalmuseums f\u00fcr Kunst und im Museum der Sch\u00f6nen K\u00fcnste von Kemerowo.<\/p>\n<p>Goldmedaille &#8222;Spiritualit\u00e4t. Traditionen. Meisterschaft&#8220;.<\/p>\n<p>Ehrenabzeichen &#8222;Ehrenb\u00fcrger des Gebiets Parabelsk&#8220;.<\/p>\n<p>2013 Medaille &#8222;F\u00fcr Glaube und G\u00fcte&#8220;.<\/p>\n<p>2014 Einzelausstellung in den S\u00e4len der Abteilung &#8222;Ural, Sibirien und Ferner Osten&#8220; der Russischen Akademie der K\u00fcnste Krasnojarsk.<\/p>\n<p>2017 Retrospektive Einzelausstellung in den S\u00e4len des Tomsker Regionalen Kunstmuseums aus Anlass des\u00a0 80. Geburtstags.<\/p>\n<p>2022 Retrospektive Einzelausstellung &#8222;Vom Narym auf die Krim&#8220; in den S\u00e4len des Tomsker Regionalmuseums f\u00fcr Heimatkundea us Anlasss 80-j\u00e4hrigen Bestehens des Museums.<\/p>\n<p>2022 Retrospektive Einzelausstellung im Tomsker Regionalmuseum f\u00fcr Kunst und unter dem Titel &#8222;Vom Narym auf die Krim&#8220; im Tomsker Regionalmuseums f\u00fcr Heimatkunde.[\/et_pb_text][\/et_pb_column_inner][\/et_pb_row_inner][\/et_pb_column][et_pb_column type=&#8220;1_4&#8243; _builder_version=&#8220;4.16&#8243; custom_padding=&#8220;|||&#8220; global_colors_info=&#8220;{}&#8220; custom_padding__hover=&#8220;|||&#8220;][et_pb_sidebar _builder_version=&#8220;4.27.0&#8243; _module_preset=&#8220;default&#8220; hover_enabled=&#8220;0&#8243; global_colors_info=&#8220;{}&#8220; area=&#8220;cs-2&#8243; sticky_enabled=&#8220;0&#8243;][\/et_pb_sidebar][\/et_pb_column][\/et_pb_section]<\/p>\n","protected":false},"excerpt":{"rendered":"<p>German Zavyalov wurde am 8. Oktober 1937 im Dorf Syrjanka, Kreis Tjumen, Gebiet Omsk, geboren. Seine Eltern Nikolai Alexejewitsch Sawjalow und Anna Fjodorowna Sawjalow waren Lehrer und Lehrerin. 1944 trat er in die erste Klasse einer Dorfschule in der Siedlung Tscherny Mys in der N\u00e4he von Surgut (Autonomer Bezirk Chanty-Mansijsk, Region Tjumen) ein. 1954 Abschluss [&hellip;]<\/p>\n","protected":false},"author":1,"featured_media":0,"parent":106,"menu_order":0,"comment_status":"closed","ping_status":"closed","template":"","meta":{"_et_pb_use_builder":"on","_et_pb_old_content":"","_et_gb_content_width":"","wp_typography_post_enhancements_disabled":false,"footnotes":""},"class_list":["post-1024","page","type-page","status-publish","hentry"],"yoast_head":"<!-- This site is optimized with the Yoast SEO plugin v27.3 - https:\/\/yoast.com\/product\/yoast-seo-wordpress\/ -->\n<title>Biografie - Anna Bushumova<\/title>\n<meta name=\"robots\" content=\"index, follow, max-snippet:-1, max-image-preview:large, max-video-preview:-1\" \/>\n<link rel=\"canonical\" href=\"https:\/\/annabushumova.com\/en\/kuenstler-innen\/german-zavyalov\/biografie\/\" \/>\n<meta property=\"og:locale\" content=\"en_US\" \/>\n<meta property=\"og:type\" content=\"article\" \/>\n<meta property=\"og:title\" content=\"Biografie - Anna Bushumova\" \/>\n<meta property=\"og:description\" content=\"German Zavyalov wurde am 8. Oktober 1937 im Dorf Syrjanka, Kreis Tjumen, Gebiet Omsk, geboren. Seine Eltern Nikolai Alexejewitsch Sawjalow und Anna Fjodorowna Sawjalow waren Lehrer und Lehrerin. 1944 trat er in die erste Klasse einer Dorfschule in der Siedlung Tscherny Mys in der N\u00e4he von Surgut (Autonomer Bezirk Chanty-Mansijsk, Region Tjumen) ein. 1954 Abschluss [&hellip;]\" \/>\n<meta property=\"og:url\" content=\"https:\/\/annabushumova.com\/en\/kuenstler-innen\/german-zavyalov\/biografie\/\" \/>\n<meta property=\"og:site_name\" content=\"Anna Bushumova\" \/>\n<meta property=\"article:modified_time\" content=\"2024-09-08T11:16:52+00:00\" \/>\n<meta name=\"twitter:card\" content=\"summary_large_image\" \/>\n<meta name=\"twitter:label1\" content=\"Est. reading time\" \/>\n\t<meta name=\"twitter:data1\" content=\"4 minutes\" \/>\n<script type=\"application\/ld+json\" class=\"yoast-schema-graph\">{\"@context\":\"https:\\\/\\\/schema.org\",\"@graph\":[{\"@type\":\"WebPage\",\"@id\":\"https:\\\/\\\/annabushumova.com\\\/kuenstler-innen\\\/german-zavyalov\\\/biografie\\\/\",\"url\":\"https:\\\/\\\/annabushumova.com\\\/kuenstler-innen\\\/german-zavyalov\\\/biografie\\\/\",\"name\":\"Biografie - Anna Bushumova\",\"isPartOf\":{\"@id\":\"https:\\\/\\\/annabushumova.com\\\/#website\"},\"datePublished\":\"2024-07-04T15:58:55+00:00\",\"dateModified\":\"2024-09-08T11:16:52+00:00\",\"breadcrumb\":{\"@id\":\"https:\\\/\\\/annabushumova.com\\\/kuenstler-innen\\\/german-zavyalov\\\/biografie\\\/#breadcrumb\"},\"inLanguage\":\"en-US\",\"potentialAction\":[{\"@type\":\"ReadAction\",\"target\":[\"https:\\\/\\\/annabushumova.com\\\/kuenstler-innen\\\/german-zavyalov\\\/biografie\\\/\"]}]},{\"@type\":\"BreadcrumbList\",\"@id\":\"https:\\\/\\\/annabushumova.com\\\/kuenstler-innen\\\/german-zavyalov\\\/biografie\\\/#breadcrumb\",\"itemListElement\":[{\"@type\":\"ListItem\",\"position\":1,\"name\":\"Home\",\"item\":\"https:\\\/\\\/annabushumova.com\\\/\"},{\"@type\":\"ListItem\",\"position\":2,\"name\":\"K\u00fcnstler\\\/innen\",\"item\":\"https:\\\/\\\/annabushumova.com\\\/kuenstler-innen\\\/\"},{\"@type\":\"ListItem\",\"position\":3,\"name\":\"German Zavyalov\",\"item\":\"https:\\\/\\\/annabushumova.com\\\/kuenstler-innen\\\/german-zavyalov\\\/\"},{\"@type\":\"ListItem\",\"position\":4,\"name\":\"Biografie\"}]},{\"@type\":\"WebSite\",\"@id\":\"https:\\\/\\\/annabushumova.com\\\/#website\",\"url\":\"https:\\\/\\\/annabushumova.com\\\/\",\"name\":\"Anna Bushumova\",\"description\":\"\",\"potentialAction\":[{\"@type\":\"SearchAction\",\"target\":{\"@type\":\"EntryPoint\",\"urlTemplate\":\"https:\\\/\\\/annabushumova.com\\\/?s={search_term_string}\"},\"query-input\":{\"@type\":\"PropertyValueSpecification\",\"valueRequired\":true,\"valueName\":\"search_term_string\"}}],\"inLanguage\":\"en-US\"}]}<\/script>\n<!-- \/ Yoast SEO plugin. -->","yoast_head_json":{"title":"Biografie \u2014 Anna Bushu\u00admo\u00adva","robots":{"index":"index","follow":"follow","max-snippet":"max-snippet:-1","max-image-preview":"max-image-preview:large","max-video-preview":"max-video-preview:-1"},"canonical":"https:\/\/annabushumova.com\/en\/kuenstler-innen\/german-zavyalov\/biografie\/","og_locale":"en_US","og_type":"article","og_title":"Biografie - Anna Bushumova","og_description":"German Zavyalov wurde am 8. Oktober 1937 im Dorf Syrjanka, Kreis Tjumen, Gebiet Omsk, geboren. Seine Eltern Nikolai Alexejewitsch Sawjalow und Anna Fjodorowna Sawjalow waren Lehrer und Lehrerin. 1944 trat er in die erste Klasse einer Dorfschule in der Siedlung Tscherny Mys in der N\u00e4he von Surgut (Autonomer Bezirk Chanty-Mansijsk, Region Tjumen) ein. 1954 Abschluss [&hellip;]","og_url":"https:\/\/annabushumova.com\/en\/kuenstler-innen\/german-zavyalov\/biografie\/","og_site_name":"Anna Bushumova","article_modified_time":"2024-09-08T11:16:52+00:00","twitter_card":"summary_large_image","twitter_misc":{"Est. reading time":"4 minutes"},"schema":{"@context":"https:\/\/schema.org","@graph":[{"@type":"WebPage","@id":"https:\/\/annabushumova.com\/kuenstler-innen\/german-zavyalov\/biografie\/","url":"https:\/\/annabushumova.com\/kuenstler-innen\/german-zavyalov\/biografie\/","name":"Biografie \u2014 Anna Bushu\u00admo\u00adva","isPartOf":{"@id":"https:\/\/annabushumova.com\/#website"},"datePublished":"2024-07-04T15:58:55+00:00","dateModified":"2024-09-08T11:16:52+00:00","breadcrumb":{"@id":"https:\/\/annabushumova.com\/kuenstler-innen\/german-zavyalov\/biografie\/#breadcrumb"},"inLanguage":"en-US","potentialAction":[{"@type":"ReadAction","target":["https:\/\/annabushumova.com\/kuenstler-innen\/german-zavyalov\/biografie\/"]}]},{"@type":"BreadcrumbList","@id":"https:\/\/annabushumova.com\/kuenstler-innen\/german-zavyalov\/biografie\/#breadcrumb","itemListElement":[{"@type":"ListItem","position":1,"name":"Home","item":"https:\/\/annabushumova.com\/"},{"@type":"ListItem","position":2,"name":"K\u00fcnstler\/innen","item":"https:\/\/annabushumova.com\/kuenstler-innen\/"},{"@type":"ListItem","position":3,"name":"German Zavyalov","item":"https:\/\/annabushumova.com\/kuenstler-innen\/german-zavyalov\/"},{"@type":"ListItem","position":4,"name":"Biografie"}]},{"@type":"WebSite","@id":"https:\/\/annabushumova.com\/#website","url":"https:\/\/annabushumova.com\/","name":"Anna Bushu\u00admo\u00adva","description":"","potentialAction":[{"@type":"SearchAction","target":{"@type":"EntryPoint","urlTemplate":"https:\/\/annabushumova.com\/?s={search_term_string}"},"query-input":{"@type":"PropertyValueSpecification","valueRequired":true,"valueName":"search_term_string"}}],"inLanguage":"en-US"}]}},"_links":{"self":[{"href":"https:\/\/annabushumova.com\/en\/wp-json\/wp\/v2\/pages\/1024","targetHints":{"allow":["GET"]}}],"collection":[{"href":"https:\/\/annabushumova.com\/en\/wp-json\/wp\/v2\/pages"}],"about":[{"href":"https:\/\/annabushumova.com\/en\/wp-json\/wp\/v2\/types\/page"}],"author":[{"embeddable":true,"href":"https:\/\/annabushumova.com\/en\/wp-json\/wp\/v2\/users\/1"}],"replies":[{"embeddable":true,"href":"https:\/\/annabushumova.com\/en\/wp-json\/wp\/v2\/comments?post=1024"}],"version-history":[{"count":3,"href":"https:\/\/annabushumova.com\/en\/wp-json\/wp\/v2\/pages\/1024\/revisions"}],"predecessor-version":[{"id":1574,"href":"https:\/\/annabushumova.com\/en\/wp-json\/wp\/v2\/pages\/1024\/revisions\/1574"}],"up":[{"embeddable":true,"href":"https:\/\/annabushumova.com\/en\/wp-json\/wp\/v2\/pages\/106"}],"wp:attachment":[{"href":"https:\/\/annabushumova.com\/en\/wp-json\/wp\/v2\/media?parent=1024"}],"curies":[{"name":"wp","href":"https:\/\/api.w.org\/{rel}","templated":true}]}}