{"id":106,"date":"2023-04-05T17:03:49","date_gmt":"2023-04-05T15:03:49","guid":{"rendered":"https:\/\/annabushumova.com\/?page_id=106"},"modified":"2024-09-08T13:15:36","modified_gmt":"2024-09-08T11:15:36","slug":"german-zavyalov","status":"publish","type":"page","link":"https:\/\/annabushumova.com\/en\/kuenstler-innen\/german-zavyalov\/","title":{"rendered":"Ger\u00adman Zavyalov"},"content":{"rendered":"<p>[et_pb_section fb_built=&#8220;1&#8243; specialty=&#8220;on&#8220; _builder_version=&#8220;4.26.0&#8243; _module_preset=&#8220;default&#8220; global_colors_info=&#8220;{}&#8220;][et_pb_column type=&#8220;3_4&#8243; specialty_columns=&#8220;3&#8243; _builder_version=&#8220;4.16&#8243; custom_padding=&#8220;|||&#8220; global_colors_info=&#8220;{}&#8220; custom_padding__hover=&#8220;|||&#8220;][et_pb_row_inner _builder_version=&#8220;4.26.0&#8243; _module_preset=&#8220;default&#8220; global_colors_info=&#8220;{}&#8220;][et_pb_column_inner saved_specialty_column_type=&#8220;3_4&#8243; _builder_version=&#8220;4.26.0&#8243; _module_preset=&#8220;default&#8220; global_colors_info=&#8220;{}&#8220;][et_pb_heading title=&#8220;German Zavyalov&#8220; _builder_version=&#8220;4.26.0&#8243; _module_preset=&#8220;default&#8220; global_colors_info=&#8220;{}&#8220;][\/et_pb_heading][\/et_pb_column_inner][\/et_pb_row_inner][et_pb_row_inner column_structure=&#8220;1_2,1_2&#8243; _builder_version=&#8220;4.26.0&#8243; _module_preset=&#8220;default&#8220; global_colors_info=&#8220;{}&#8220;][et_pb_column_inner type=&#8220;1_2&#8243; saved_specialty_column_type=&#8220;3_4&#8243; _builder_version=&#8220;4.26.0&#8243; _module_preset=&#8220;default&#8220; global_colors_info=&#8220;{}&#8220;][et_pb_text _builder_version=&#8220;4.26.0&#8243; _module_preset=&#8220;default&#8220; global_colors_info=&#8220;{}&#8220;]<\/p>\n<p><em>&#8230; weit weg von &#8222;Epizentren&#8220; des zeitgen\u00f6ssischen Kunstlebens, k\u00fcmmert er sich um seine eigenen Angelegenheiten. Die Einsamkeit ist eine Voraussetzung f\u00fcr solche K\u00fcnstler, die weitaus wichtiger ist als das n\u00e4hrende k\u00fcnstlerische Umfeld, das eine Metropole bieten kann.<\/em><\/p>\n<p>German Zavyalov wurde am 8. Oktober 1937 im sibirischen Dorf Zaryanka (Omsk) geboren und starb am 21. Februar 2016 in Tomsk gestorben.<\/p>\n<p>Nach dem Abschluss an der Kunstschule in Penza setzte Zavyalov seine Ausbildung in Moskau an der Akademischen Kunsthochschule Surikov fort und erhielt beim Abschluss ein Diplom mit Bestnoten. Er kehrte nach Sibirien zur\u00fcck und lebte und arbeitete seit 1966 in Tomsk, dem \u201cgeografischen Zentrum\u201d der ehemaligen UdSSR.\u00a0 Seit 1967 war Zavyalov Mitglied der Vereingung der K\u00fcnstler Russlands.<\/p>\n<p>In Sibirien schuf er seine einzigartigen realistischen Werke in Anlehnung an die klassische russische Malerschule.<\/p>\n<p>Im Sommer reiste Zaviyalov mit dem Boot auf den sibirischen Fl\u00fcssen und an der K\u00fcste des Arktischen Ozeans, wo er die Motive f\u00fcr viele seiner Werke fand. Hier malte er nordische Landschaften, K\u00fcsten und Szenen des nordischen Lebens. Den Rest des Jahres verbrachte Zavyalov auf der Krim, in Sudak, wo er Meereslandschaften und neblige Berge malte.<\/p>\n<p>Er ist Urheber von mehr als 3000 Werken, die sich sowohl in Museen in Russland als auch in privaten Sammlungen in vielen L\u00e4ndern befinden, darunter auch in Russland, Frankreich, Deutschland, Japan, Switzerland, Polen und den USA.<\/p>\n<p>[\/et_pb_text][\/et_pb_column_inner][et_pb_column_inner type=&#8220;1_2&#8243; saved_specialty_column_type=&#8220;3_4&#8243; _builder_version=&#8220;4.26.0&#8243; _module_preset=&#8220;default&#8220; global_colors_info=&#8220;{}&#8220;][et_pb_image src=&#8220;https:\/\/annabushumova.com\/wp\/wp-content\/uploads\/2024\/09\/zavyalov_150.jpg&#8220; alt=&#8220;German Zavyalov&#8220; title_text=&#8220;German Zavyalov&#8220; _builder_version=&#8220;4.27.0&#8243; _module_preset=&#8220;default&#8220; global_colors_info=&#8220;{}&#8220;][\/et_pb_image][et_pb_text _builder_version=&#8220;4.27.0&#8243; _module_preset=&#8220;default&#8220; hover_enabled=&#8220;0&#8243; sticky_enabled=&#8220;0&#8243;]<\/p>\n<p><em>German Zavyalov<\/em><\/p>\n<p>[\/et_pb_text][\/et_pb_column_inner][\/et_pb_row_inner][\/et_pb_column][et_pb_column type=&#8220;1_4&#8243; _builder_version=&#8220;4.16&#8243; custom_padding=&#8220;|||&#8220; global_colors_info=&#8220;{}&#8220; custom_padding__hover=&#8220;|||&#8220;][et_pb_sidebar area=&#8220;cs-2&#8243; _builder_version=&#8220;4.27.0&#8243; _module_preset=&#8220;default&#8220; global_colors_info=&#8220;{}&#8220;][\/et_pb_sidebar][\/et_pb_column][\/et_pb_section]<\/p>\n","protected":false},"excerpt":{"rendered":"<p>&#8230; weit weg von &#8222;Epizentren&#8220; des zeitgen\u00f6ssischen Kunstlebens, k\u00fcmmert er sich um seine eigenen Angelegenheiten. Die Einsamkeit ist eine Voraussetzung f\u00fcr solche K\u00fcnstler, die weitaus wichtiger ist als das n\u00e4hrende k\u00fcnstlerische Umfeld, das eine Metropole bieten kann. German Zavyalov wurde am 8. Oktober 1937 im sibirischen Dorf Zaryanka (Omsk) geboren und starb am 21. Februar [&hellip;]<\/p>\n","protected":false},"author":1,"featured_media":0,"parent":7,"menu_order":0,"comment_status":"closed","ping_status":"closed","template":"","meta":{"_et_pb_use_builder":"on","_et_pb_old_content":"","_et_gb_content_width":"","wp_typography_post_enhancements_disabled":false,"footnotes":""},"class_list":["post-106","page","type-page","status-publish","hentry"],"yoast_head":"<!-- This site is optimized with the Yoast SEO plugin v27.3 - https:\/\/yoast.com\/product\/yoast-seo-wordpress\/ -->\n<title>German Zavyalov - Anna Bushumova<\/title>\n<meta name=\"robots\" content=\"index, follow, max-snippet:-1, max-image-preview:large, max-video-preview:-1\" \/>\n<link rel=\"canonical\" href=\"https:\/\/annabushumova.com\/en\/kuenstler-innen\/german-zavyalov\/\" \/>\n<meta property=\"og:locale\" content=\"en_US\" \/>\n<meta property=\"og:type\" content=\"article\" \/>\n<meta property=\"og:title\" content=\"German Zavyalov - Anna Bushumova\" \/>\n<meta property=\"og:description\" content=\"... weit weg von &quot;Epizentren&quot; des zeitgen\u00f6ssischen Kunstlebens, k\u00fcmmert er sich um seine eigenen Angelegenheiten. Die Einsamkeit ist eine Voraussetzung f\u00fcr solche K\u00fcnstler, die weitaus wichtiger ist als das n\u00e4hrende k\u00fcnstlerische Umfeld, das eine Metropole bieten kann. German Zavyalov wurde am 8. Oktober 1937 im sibirischen Dorf Zaryanka (Omsk) geboren und starb am 21. Februar [&hellip;]\" \/>\n<meta property=\"og:url\" content=\"https:\/\/annabushumova.com\/en\/kuenstler-innen\/german-zavyalov\/\" \/>\n<meta property=\"og:site_name\" content=\"Anna Bushumova\" \/>\n<meta property=\"article:modified_time\" content=\"2024-09-08T11:15:36+00:00\" \/>\n<meta name=\"twitter:card\" content=\"summary_large_image\" \/>\n<meta name=\"twitter:label1\" content=\"Est. reading time\" \/>\n\t<meta name=\"twitter:data1\" content=\"2 minutes\" \/>\n<script type=\"application\/ld+json\" class=\"yoast-schema-graph\">{\"@context\":\"https:\\\/\\\/schema.org\",\"@graph\":[{\"@type\":\"WebPage\",\"@id\":\"https:\\\/\\\/annabushumova.com\\\/kuenstler-innen\\\/german-zavyalov\\\/\",\"url\":\"https:\\\/\\\/annabushumova.com\\\/kuenstler-innen\\\/german-zavyalov\\\/\",\"name\":\"German Zavyalov - Anna Bushumova\",\"isPartOf\":{\"@id\":\"https:\\\/\\\/annabushumova.com\\\/#website\"},\"datePublished\":\"2023-04-05T15:03:49+00:00\",\"dateModified\":\"2024-09-08T11:15:36+00:00\",\"breadcrumb\":{\"@id\":\"https:\\\/\\\/annabushumova.com\\\/kuenstler-innen\\\/german-zavyalov\\\/#breadcrumb\"},\"inLanguage\":\"en-US\",\"potentialAction\":[{\"@type\":\"ReadAction\",\"target\":[\"https:\\\/\\\/annabushumova.com\\\/kuenstler-innen\\\/german-zavyalov\\\/\"]}]},{\"@type\":\"BreadcrumbList\",\"@id\":\"https:\\\/\\\/annabushumova.com\\\/kuenstler-innen\\\/german-zavyalov\\\/#breadcrumb\",\"itemListElement\":[{\"@type\":\"ListItem\",\"position\":1,\"name\":\"Home\",\"item\":\"https:\\\/\\\/annabushumova.com\\\/\"},{\"@type\":\"ListItem\",\"position\":2,\"name\":\"K\u00fcnstler\\\/innen\",\"item\":\"https:\\\/\\\/annabushumova.com\\\/kuenstler-innen\\\/\"},{\"@type\":\"ListItem\",\"position\":3,\"name\":\"German Zavyalov\"}]},{\"@type\":\"WebSite\",\"@id\":\"https:\\\/\\\/annabushumova.com\\\/#website\",\"url\":\"https:\\\/\\\/annabushumova.com\\\/\",\"name\":\"Anna Bushumova\",\"description\":\"\",\"potentialAction\":[{\"@type\":\"SearchAction\",\"target\":{\"@type\":\"EntryPoint\",\"urlTemplate\":\"https:\\\/\\\/annabushumova.com\\\/?s={search_term_string}\"},\"query-input\":{\"@type\":\"PropertyValueSpecification\",\"valueRequired\":true,\"valueName\":\"search_term_string\"}}],\"inLanguage\":\"en-US\"}]}<\/script>\n<!-- \/ Yoast SEO plugin. -->","yoast_head_json":{"title":"Ger\u00adman Zavyalov \u2014 Anna Bushu\u00admo\u00adva","robots":{"index":"index","follow":"follow","max-snippet":"max-snippet:-1","max-image-preview":"max-image-preview:large","max-video-preview":"max-video-preview:-1"},"canonical":"https:\/\/annabushumova.com\/en\/kuenstler-innen\/german-zavyalov\/","og_locale":"en_US","og_type":"article","og_title":"German Zavyalov - Anna Bushumova","og_description":"... weit weg von \"Epizentren\" des zeitgen\u00f6ssischen Kunstlebens, k\u00fcmmert er sich um seine eigenen Angelegenheiten. Die Einsamkeit ist eine Voraussetzung f\u00fcr solche K\u00fcnstler, die weitaus wichtiger ist als das n\u00e4hrende k\u00fcnstlerische Umfeld, das eine Metropole bieten kann. German Zavyalov wurde am 8. Oktober 1937 im sibirischen Dorf Zaryanka (Omsk) geboren und starb am 21. Februar [&hellip;]","og_url":"https:\/\/annabushumova.com\/en\/kuenstler-innen\/german-zavyalov\/","og_site_name":"Anna Bushumova","article_modified_time":"2024-09-08T11:15:36+00:00","twitter_card":"summary_large_image","twitter_misc":{"Est. reading time":"2 minutes"},"schema":{"@context":"https:\/\/schema.org","@graph":[{"@type":"WebPage","@id":"https:\/\/annabushumova.com\/kuenstler-innen\/german-zavyalov\/","url":"https:\/\/annabushumova.com\/kuenstler-innen\/german-zavyalov\/","name":"Ger\u00adman Zavyalov \u2014 Anna Bushu\u00admo\u00adva","isPartOf":{"@id":"https:\/\/annabushumova.com\/#website"},"datePublished":"2023-04-05T15:03:49+00:00","dateModified":"2024-09-08T11:15:36+00:00","breadcrumb":{"@id":"https:\/\/annabushumova.com\/kuenstler-innen\/german-zavyalov\/#breadcrumb"},"inLanguage":"en-US","potentialAction":[{"@type":"ReadAction","target":["https:\/\/annabushumova.com\/kuenstler-innen\/german-zavyalov\/"]}]},{"@type":"BreadcrumbList","@id":"https:\/\/annabushumova.com\/kuenstler-innen\/german-zavyalov\/#breadcrumb","itemListElement":[{"@type":"ListItem","position":1,"name":"Home","item":"https:\/\/annabushumova.com\/"},{"@type":"ListItem","position":2,"name":"K\u00fcnstler\/innen","item":"https:\/\/annabushumova.com\/kuenstler-innen\/"},{"@type":"ListItem","position":3,"name":"German Zavyalov"}]},{"@type":"WebSite","@id":"https:\/\/annabushumova.com\/#website","url":"https:\/\/annabushumova.com\/","name":"Anna Bushu\u00admo\u00adva","description":"","potentialAction":[{"@type":"SearchAction","target":{"@type":"EntryPoint","urlTemplate":"https:\/\/annabushumova.com\/?s={search_term_string}"},"query-input":{"@type":"PropertyValueSpecification","valueRequired":true,"valueName":"search_term_string"}}],"inLanguage":"en-US"}]}},"_links":{"self":[{"href":"https:\/\/annabushumova.com\/en\/wp-json\/wp\/v2\/pages\/106","targetHints":{"allow":["GET"]}}],"collection":[{"href":"https:\/\/annabushumova.com\/en\/wp-json\/wp\/v2\/pages"}],"about":[{"href":"https:\/\/annabushumova.com\/en\/wp-json\/wp\/v2\/types\/page"}],"author":[{"embeddable":true,"href":"https:\/\/annabushumova.com\/en\/wp-json\/wp\/v2\/users\/1"}],"replies":[{"embeddable":true,"href":"https:\/\/annabushumova.com\/en\/wp-json\/wp\/v2\/comments?post=106"}],"version-history":[{"count":11,"href":"https:\/\/annabushumova.com\/en\/wp-json\/wp\/v2\/pages\/106\/revisions"}],"predecessor-version":[{"id":1573,"href":"https:\/\/annabushumova.com\/en\/wp-json\/wp\/v2\/pages\/106\/revisions\/1573"}],"up":[{"embeddable":true,"href":"https:\/\/annabushumova.com\/en\/wp-json\/wp\/v2\/pages\/7"}],"wp:attachment":[{"href":"https:\/\/annabushumova.com\/en\/wp-json\/wp\/v2\/media?parent=106"}],"curies":[{"name":"wp","href":"https:\/\/api.w.org\/{rel}","templated":true}]}}